{"id":4779,"date":"2026-01-07T16:35:17","date_gmt":"2026-01-07T16:35:17","guid":{"rendered":"https:\/\/connexionart.ma\/?post_type=product&#038;p=4779"},"modified":"2026-01-18T12:34:28","modified_gmt":"2026-01-18T12:34:28","slug":"dell-600-gb-12g-10k-2-5-sas-g14-g17-w-dxd9h","status":"publish","type":"product","link":"https:\/\/connexionart.ma\/index.php\/product\/dell-600-gb-12g-10k-2-5-sas-g14-g17-w-dxd9h\/","title":{"rendered":"Dell 600GB 12G 10K 2.5 SAS G14-G17 avec DXD9H"},"content":{"rendered":"<p>Dell 600 Go 10 000 tr\/min 12 Gb\/s 512n 2,5 pouces SFF SAS Gen14-17\u00a0 rempla\u00e7able \u00e0 chaud, install\u00e9 dans un tiroir pour disque dur Dell DXD9H 2,5 pouces SFF (comme illustr\u00e9). Num\u00e9ro de s\u00e9rie et micrologiciel Dell authentiques. <span dir=\"auto\">R\u00e9f\u00e9rence Dell Gen14-17<\/span><b><span dir=\"auto\">\u00a0:<\/span><\/b><span dir=\"auto\">\u00a0400-AUNQ.<\/span><\/p>\n<p>Compatible avec les serveurs et baies de stockage Dell suivants :<\/p>\n<p><span dir=\"auto\">Dell G14 PowerEdge S\u00e9rie R : R240, R340, R440, R540, R640, R6415, R740, R740XD, R740XD2, R7415, R7425 ;<\/span><br \/>\n<span dir=\"auto\">Dell G14 PowerEdge S\u00e9rie R : R840, R940, R940XA ;<\/span><\/p>\n<p><span dir=\"auto\">\u00a0Dell G15 PowerEdge S\u00e9rie R\u00a0: R250, R350, R450, R550, R650, R650XS, R6515, R6525, R750, R750XA, R750XS\u00a0;<\/span><br \/>\n<span dir=\"auto\">\u00a0Dell G15 PowerEdge S\u00e9rie R\u00a0: R7515, R7525\u00a0;<\/span><\/p>\n<p><span dir=\"auto\">\u00a0Dell G16 PowerEdge S\u00e9rie R\u00a0: R360, R660, R660XS, R6615, R6625, R760, R760XA, R760XD2, R760XS<\/span><br \/>\n<span dir=\"auto\">\u00a0Serveurs Dell PowerEdge s\u00e9rie R\u00a0:\u00a0R7615, R7625 , R860, R960\u00a0;<\/span><\/p>\n<p><span dir=\"auto\">\u00a0Serveurs Dell PowerEdge s\u00e9rie R\u00a0: R470, R570, R670, R770, R6715, R6725, R7715, R7725<\/span><\/p>\n<p><span dir=\"auto\">\u00a0; Serveurs\u00a0\u00a0<\/span><br \/>\n<span dir=\"auto\">\u00a0Dell PowerEdge s\u00e9rie T\u00a0: T40, T140, T340,<\/span><br \/>\n<span dir=\"auto\">\u00a0T640\u00a0; Serveurs Dell PowerEdge s\u00e9rie T\u00a0: T550\u00a0; Serveurs Dell PowerEdge s\u00e9rie\u00a0\u00a0T\u00a0\u00a0<\/span><br \/>\n<span dir=\"auto\">\u00a0: T560\u00a0;\u00a0\u00a0Serveurs Dell PowerEdge s\u00e9rie C\u00a0: C3400, C3420, C4140, C6400, C6420\u00a0; Serveurs\u00a0\u00a0Dell PowerEdge s\u00e9rie C\u00a0: C6520, C6525\u00a0;\u00a0\u00a0Serveurs Dell PowerEdge s\u00e9rie C\u00a0: C6615, C6620<\/span><\/p>\n<p>&nbsp;<\/p>\n","protected":false},"excerpt":{"rendered":"<p>Dell G14-G17 600-GB 12G 10K 2.5 SAS w\/DXD9H<\/p>\n","protected":false},"featured_media":4834,"comment_status":"open","ping_status":"closed","template":"","meta":{"_acf_changed":false},"pwb-brand":[],"product_brand":[113],"product_cat":[102,104],"product_tag":[134],"class_list":{"0":"post-4779","1":"product","2":"type-product","3":"status-publish","4":"has-post-thumbnail","6":"product_brand-dell","7":"product_cat-serveur-options","8":"product_cat-disque-dur","9":"product_tag-400-aunq","11":"first","12":"instock","13":"sale","14":"taxable","15":"shipping-taxable","16":"purchasable","17":"product-type-simple","18":"add-to-wishlist-after_add_to_cart"},"acf":[],"brands":[],"_links":{"self":[{"href":"https:\/\/connexionart.ma\/index.php\/wp-json\/wp\/v2\/product\/4779","targetHints":{"allow":["GET"]}}],"collection":[{"href":"https:\/\/connexionart.ma\/index.php\/wp-json\/wp\/v2\/product"}],"about":[{"href":"https:\/\/connexionart.ma\/index.php\/wp-json\/wp\/v2\/types\/product"}],"replies":[{"embeddable":true,"href":"https:\/\/connexionart.ma\/index.php\/wp-json\/wp\/v2\/comments?post=4779"}],"wp:featuredmedia":[{"embeddable":true,"href":"https:\/\/connexionart.ma\/index.php\/wp-json\/wp\/v2\/media\/4834"}],"wp:attachment":[{"href":"https:\/\/connexionart.ma\/index.php\/wp-json\/wp\/v2\/media?parent=4779"}],"wp:term":[{"taxonomy":"pwb-brand","embeddable":true,"href":"https:\/\/connexionart.ma\/index.php\/wp-json\/wp\/v2\/pwb-brand?post=4779"},{"taxonomy":"product_brand","embeddable":true,"href":"https:\/\/connexionart.ma\/index.php\/wp-json\/wp\/v2\/product_brand?post=4779"},{"taxonomy":"product_cat","embeddable":true,"href":"https:\/\/connexionart.ma\/index.php\/wp-json\/wp\/v2\/product_cat?post=4779"},{"taxonomy":"product_tag","embeddable":true,"href":"https:\/\/connexionart.ma\/index.php\/wp-json\/wp\/v2\/product_tag?post=4779"}],"curies":[{"name":"wp","href":"https:\/\/api.w.org\/{rel}","templated":true}]}}