{"id":5047,"date":"2026-02-02T11:46:57","date_gmt":"2026-02-02T11:46:57","guid":{"rendered":"https:\/\/connexionart.ma\/?post_type=product&#038;p=5047"},"modified":"2026-02-02T11:46:57","modified_gmt":"2026-02-02T11:46:57","slug":"hp-600gb-6g-10k-2-5-sas-g8-g9","status":"publish","type":"product","link":"https:\/\/connexionart.ma\/index.php\/product\/hp-600gb-6g-10k-2-5-sas-g8-g9\/","title":{"rendered":"HP 600GB 6G 10K 2.5&Prime; SAS G8-G9"},"content":{"rendered":"<p>Disque \u00e9changeable \u00e0 chaud pour serveur HP ProLiant de la g\u00e9n\u00e9ration G8 \u00e0 G10<\/p>\n<ul>\n<li>Format 2.5&Prime; SC<\/li>\n<li>Technologie ou interface : SAS<\/li>\n<li>Capacit\u00e9 600 Go<\/li>\n<li>Taux de transfert Go\/S : 6G<\/li>\n<li>Vitesse de rotation 10 K<\/li>\n<\/ul>\n","protected":false},"excerpt":{"rendered":"<h1 id=\"title\" class=\"a-size-large a-spacing-none\"><span id=\"productTitle\" class=\"a-size-large product-title-word-break\">HP 600 Go 6 G SAS 10K 2,5&Prime; Dp Ent HDD<\/span><\/h1>\n","protected":false},"featured_media":5048,"comment_status":"open","ping_status":"closed","template":"","meta":{"_acf_changed":false},"pwb-brand":[],"product_brand":[114],"product_cat":[102,104],"product_tag":[176],"class_list":{"0":"post-5047","1":"product","2":"type-product","3":"status-publish","4":"has-post-thumbnail","6":"product_brand-hp","7":"product_cat-serveur-options","8":"product_cat-disque-dur","9":"product_tag-652583-b21-507129-014","11":"first","12":"instock","13":"sale","14":"taxable","15":"shipping-taxable","16":"purchasable","17":"product-type-simple","18":"add-to-wishlist-after_add_to_cart"},"acf":[],"brands":[],"_links":{"self":[{"href":"https:\/\/connexionart.ma\/index.php\/wp-json\/wp\/v2\/product\/5047","targetHints":{"allow":["GET"]}}],"collection":[{"href":"https:\/\/connexionart.ma\/index.php\/wp-json\/wp\/v2\/product"}],"about":[{"href":"https:\/\/connexionart.ma\/index.php\/wp-json\/wp\/v2\/types\/product"}],"replies":[{"embeddable":true,"href":"https:\/\/connexionart.ma\/index.php\/wp-json\/wp\/v2\/comments?post=5047"}],"wp:featuredmedia":[{"embeddable":true,"href":"https:\/\/connexionart.ma\/index.php\/wp-json\/wp\/v2\/media\/5048"}],"wp:attachment":[{"href":"https:\/\/connexionart.ma\/index.php\/wp-json\/wp\/v2\/media?parent=5047"}],"wp:term":[{"taxonomy":"pwb-brand","embeddable":true,"href":"https:\/\/connexionart.ma\/index.php\/wp-json\/wp\/v2\/pwb-brand?post=5047"},{"taxonomy":"product_brand","embeddable":true,"href":"https:\/\/connexionart.ma\/index.php\/wp-json\/wp\/v2\/product_brand?post=5047"},{"taxonomy":"product_cat","embeddable":true,"href":"https:\/\/connexionart.ma\/index.php\/wp-json\/wp\/v2\/product_cat?post=5047"},{"taxonomy":"product_tag","embeddable":true,"href":"https:\/\/connexionart.ma\/index.php\/wp-json\/wp\/v2\/product_tag?post=5047"}],"curies":[{"name":"wp","href":"https:\/\/api.w.org\/{rel}","templated":true}]}}