{"id":5065,"date":"2026-02-02T12:43:10","date_gmt":"2026-02-02T12:43:10","guid":{"rendered":"https:\/\/connexionart.ma\/?post_type=product&#038;p=5065"},"modified":"2026-02-02T12:43:44","modified_gmt":"2026-02-02T12:43:44","slug":"dell-8gb-2rx8-ddr4-2133mhz-udimm-2","status":"publish","type":"product","link":"https:\/\/connexionart.ma\/index.php\/product\/dell-8gb-2rx8-ddr4-2133mhz-udimm-2\/","title":{"rendered":"Dell 8GB 2Rx8 DDR4 2133Mhz UDIMM"},"content":{"rendered":"<p id=\"title\" class=\"a-size-large a-spacing-none\"><span id=\"productTitle\" class=\"a-size-large product-title-word-break\"><span dir=\"auto\">M\u00e9moire de remplacement 8 Go SNPFN6XKC\/8G A8058238 DDR4 2133 MHz UDIMM 288 broches pour Dell Precision T3620<\/span><\/span><\/p>\n","protected":false},"excerpt":{"rendered":"<p class=\"f-productHeader__heading\" data-automation-id=\"product-title-label\">Barrette M\u00e9moire RAM Dell 8 Go DDR4-2133 DIMM &#8211; R\u00e9f\u00e9rence SNPFN6XKC\/8G \/ A805823<\/p>\n","protected":false},"featured_media":5066,"comment_status":"open","ping_status":"closed","template":"","meta":{"_acf_changed":false},"pwb-brand":[],"product_brand":[113],"product_cat":[102,103],"product_tag":[147],"class_list":{"0":"post-5065","1":"product","2":"type-product","3":"status-publish","4":"has-post-thumbnail","6":"product_brand-dell","7":"product_cat-serveur-options","8":"product_cat-memoire","9":"product_tag-a8058238-snpfn6xkc-8g","11":"first","12":"instock","13":"sale","14":"taxable","15":"shipping-taxable","16":"purchasable","17":"product-type-simple","18":"add-to-wishlist-after_add_to_cart"},"acf":[],"brands":[],"_links":{"self":[{"href":"https:\/\/connexionart.ma\/index.php\/wp-json\/wp\/v2\/product\/5065","targetHints":{"allow":["GET"]}}],"collection":[{"href":"https:\/\/connexionart.ma\/index.php\/wp-json\/wp\/v2\/product"}],"about":[{"href":"https:\/\/connexionart.ma\/index.php\/wp-json\/wp\/v2\/types\/product"}],"replies":[{"embeddable":true,"href":"https:\/\/connexionart.ma\/index.php\/wp-json\/wp\/v2\/comments?post=5065"}],"wp:featuredmedia":[{"embeddable":true,"href":"https:\/\/connexionart.ma\/index.php\/wp-json\/wp\/v2\/media\/5066"}],"wp:attachment":[{"href":"https:\/\/connexionart.ma\/index.php\/wp-json\/wp\/v2\/media?parent=5065"}],"wp:term":[{"taxonomy":"pwb-brand","embeddable":true,"href":"https:\/\/connexionart.ma\/index.php\/wp-json\/wp\/v2\/pwb-brand?post=5065"},{"taxonomy":"product_brand","embeddable":true,"href":"https:\/\/connexionart.ma\/index.php\/wp-json\/wp\/v2\/product_brand?post=5065"},{"taxonomy":"product_cat","embeddable":true,"href":"https:\/\/connexionart.ma\/index.php\/wp-json\/wp\/v2\/product_cat?post=5065"},{"taxonomy":"product_tag","embeddable":true,"href":"https:\/\/connexionart.ma\/index.php\/wp-json\/wp\/v2\/product_tag?post=5065"}],"curies":[{"name":"wp","href":"https:\/\/api.w.org\/{rel}","templated":true}]}}