{"id":5285,"date":"2026-04-20T09:48:28","date_gmt":"2026-04-20T09:48:28","guid":{"rendered":"https:\/\/connexionart.ma\/?post_type=product&#038;p=5285"},"modified":"2026-04-20T09:48:28","modified_gmt":"2026-04-20T09:48:28","slug":"clavier-dell-latitude-5480-5488-7480-e5480-e5488-e7480-7490-5490-e7490-e5490-azerty-francais","status":"publish","type":"product","link":"https:\/\/connexionart.ma\/index.php\/product\/clavier-dell-latitude-5480-5488-7480-e5480-e5488-e7480-7490-5490-e7490-e5490-azerty-francais\/","title":{"rendered":"Clavier Dell Latitude 5480 5488 7480 E5480 E5488 E7480 7490 5490 E7490 E5490 Azerty Fran\u00e7ais"},"content":{"rendered":"<p>Clavier AZERTY &#8211; SN7230BL1,MP-1<wbr \/>3L8 &#8211; 0C5YKV pour DELL Latitude 5490<\/p>\n","protected":false},"excerpt":{"rendered":"<p>Clavier\u00a0Dell r\u00e9tro\u00e9clair\u00e9, fran\u00e7ais (Europe), 83\u00a0touches<\/p>\n","protected":false},"featured_media":5286,"comment_status":"open","ping_status":"closed","template":"","meta":{"_acf_changed":false},"pwb-brand":[],"product_brand":[113],"product_cat":[35,128],"product_tag":[278],"class_list":{"0":"post-5285","1":"product","2":"type-product","3":"status-publish","4":"has-post-thumbnail","6":"product_brand-dell","7":"product_cat-pc-portable","8":"product_cat-clavier","9":"product_tag-0c5ykv","11":"first","12":"instock","13":"sale","14":"taxable","15":"shipping-taxable","16":"purchasable","17":"product-type-simple","18":"add-to-wishlist-after_add_to_cart"},"acf":[],"brands":[],"_links":{"self":[{"href":"https:\/\/connexionart.ma\/index.php\/wp-json\/wp\/v2\/product\/5285","targetHints":{"allow":["GET"]}}],"collection":[{"href":"https:\/\/connexionart.ma\/index.php\/wp-json\/wp\/v2\/product"}],"about":[{"href":"https:\/\/connexionart.ma\/index.php\/wp-json\/wp\/v2\/types\/product"}],"replies":[{"embeddable":true,"href":"https:\/\/connexionart.ma\/index.php\/wp-json\/wp\/v2\/comments?post=5285"}],"wp:featuredmedia":[{"embeddable":true,"href":"https:\/\/connexionart.ma\/index.php\/wp-json\/wp\/v2\/media\/5286"}],"wp:attachment":[{"href":"https:\/\/connexionart.ma\/index.php\/wp-json\/wp\/v2\/media?parent=5285"}],"wp:term":[{"taxonomy":"pwb-brand","embeddable":true,"href":"https:\/\/connexionart.ma\/index.php\/wp-json\/wp\/v2\/pwb-brand?post=5285"},{"taxonomy":"product_brand","embeddable":true,"href":"https:\/\/connexionart.ma\/index.php\/wp-json\/wp\/v2\/product_brand?post=5285"},{"taxonomy":"product_cat","embeddable":true,"href":"https:\/\/connexionart.ma\/index.php\/wp-json\/wp\/v2\/product_cat?post=5285"},{"taxonomy":"product_tag","embeddable":true,"href":"https:\/\/connexionart.ma\/index.php\/wp-json\/wp\/v2\/product_tag?post=5285"}],"curies":[{"name":"wp","href":"https:\/\/api.w.org\/{rel}","templated":true}]}}