{"id":5289,"date":"2026-04-20T10:00:10","date_gmt":"2026-04-20T10:00:10","guid":{"rendered":"https:\/\/connexionart.ma\/?post_type=product&#038;p=5289"},"modified":"2026-04-20T10:00:10","modified_gmt":"2026-04-20T10:00:10","slug":"clavier-dell-5420-5421-5430-5431-5440-7420-7430-7520-7530","status":"publish","type":"product","link":"https:\/\/connexionart.ma\/index.php\/product\/clavier-dell-5420-5421-5430-5431-5440-7420-7430-7520-7530\/","title":{"rendered":"Clavier DELL 5420 5421 5430 5431 5440 7420 7430 7520 7530"},"content":{"rendered":"<h1 class=\"a-size-large a-spacing-none\"><span class=\"a-size-large product-title-word-break\">\u00a0Clavier d&rsquo;ordinateur portable pour Dell Latitude 5420 5421 5430 5431 5440 7420 7430 7520 7530 0H4DDJ FR AZERTY\u00a0<\/span><\/h1>\n","protected":false},"excerpt":{"rendered":"<p>Clavier DELL 5420 5421 5430 5431 5440 7420 7430 7520 7530 R\u00e9tro\u00e9clair\u00e9 sans cadre Azerty Fran\u00e7ais<\/p>\n","protected":false},"featured_media":5290,"comment_status":"open","ping_status":"closed","template":"","meta":{"_acf_changed":false},"pwb-brand":[],"product_brand":[113],"product_cat":[35,128],"product_tag":[280],"class_list":{"0":"post-5289","1":"product","2":"type-product","3":"status-publish","4":"has-post-thumbnail","6":"product_brand-dell","7":"product_cat-pc-portable","8":"product_cat-clavier","9":"product_tag-0h4ddj","11":"first","12":"instock","13":"sale","14":"taxable","15":"shipping-taxable","16":"purchasable","17":"product-type-simple","18":"add-to-wishlist-after_add_to_cart"},"acf":[],"brands":[],"_links":{"self":[{"href":"https:\/\/connexionart.ma\/index.php\/wp-json\/wp\/v2\/product\/5289","targetHints":{"allow":["GET"]}}],"collection":[{"href":"https:\/\/connexionart.ma\/index.php\/wp-json\/wp\/v2\/product"}],"about":[{"href":"https:\/\/connexionart.ma\/index.php\/wp-json\/wp\/v2\/types\/product"}],"replies":[{"embeddable":true,"href":"https:\/\/connexionart.ma\/index.php\/wp-json\/wp\/v2\/comments?post=5289"}],"wp:featuredmedia":[{"embeddable":true,"href":"https:\/\/connexionart.ma\/index.php\/wp-json\/wp\/v2\/media\/5290"}],"wp:attachment":[{"href":"https:\/\/connexionart.ma\/index.php\/wp-json\/wp\/v2\/media?parent=5289"}],"wp:term":[{"taxonomy":"pwb-brand","embeddable":true,"href":"https:\/\/connexionart.ma\/index.php\/wp-json\/wp\/v2\/pwb-brand?post=5289"},{"taxonomy":"product_brand","embeddable":true,"href":"https:\/\/connexionart.ma\/index.php\/wp-json\/wp\/v2\/product_brand?post=5289"},{"taxonomy":"product_cat","embeddable":true,"href":"https:\/\/connexionart.ma\/index.php\/wp-json\/wp\/v2\/product_cat?post=5289"},{"taxonomy":"product_tag","embeddable":true,"href":"https:\/\/connexionart.ma\/index.php\/wp-json\/wp\/v2\/product_tag?post=5289"}],"curies":[{"name":"wp","href":"https:\/\/api.w.org\/{rel}","templated":true}]}}