{"id":5299,"date":"2026-04-20T10:25:59","date_gmt":"2026-04-20T10:25:59","guid":{"rendered":"https:\/\/connexionart.ma\/?post_type=product&#038;p=5299"},"modified":"2026-04-20T10:25:59","modified_gmt":"2026-04-20T10:25:59","slug":"ventilateur-dell-poweredge-r740-r740xd","status":"publish","type":"product","link":"https:\/\/connexionart.ma\/index.php\/product\/ventilateur-dell-poweredge-r740-r740xd\/","title":{"rendered":"Ventilateur Dell PowerEdge R740 &#038; R740XD"},"content":{"rendered":"<p id=\"title\" class=\"a-size-large a-spacing-none\"><span id=\"productTitle\" class=\"a-size-large product-title-word-break\"><span dir=\"auto\">Ventilateur pour processeur compatible avec les s\u00e9ries Dell PowerEdge R840, R7425, R740 et R740XD (r\u00e9f\u00e9rences : 0N5T36, 04VXP3, 0Y3WXP, VG60381BX-Q020-S9H, VF60381B1-Q070-S99, 12 V CC).<\/span><\/span><\/p>\n","protected":false},"excerpt":{"rendered":"<p class=\"text-18 md:text-34 mb-15 hidden md:block\"><span dir=\"auto\">Ventilateur Dell ASSY, 60 x 60 x 38 mm, 12 V, haute performance<\/span><\/p>\n","protected":false},"featured_media":5300,"comment_status":"open","ping_status":"closed","template":"","meta":{"_acf_changed":false},"pwb-brand":[],"product_brand":[113],"product_cat":[102,108],"product_tag":[285],"class_list":{"0":"post-5299","1":"product","2":"type-product","3":"status-publish","4":"has-post-thumbnail","6":"product_brand-dell","7":"product_cat-serveur-options","8":"product_cat-ventilateur","9":"product_tag-04vxp3","11":"first","12":"instock","13":"sale","14":"taxable","15":"shipping-taxable","16":"purchasable","17":"product-type-simple","18":"add-to-wishlist-after_add_to_cart"},"acf":[],"brands":[],"_links":{"self":[{"href":"https:\/\/connexionart.ma\/index.php\/wp-json\/wp\/v2\/product\/5299","targetHints":{"allow":["GET"]}}],"collection":[{"href":"https:\/\/connexionart.ma\/index.php\/wp-json\/wp\/v2\/product"}],"about":[{"href":"https:\/\/connexionart.ma\/index.php\/wp-json\/wp\/v2\/types\/product"}],"replies":[{"embeddable":true,"href":"https:\/\/connexionart.ma\/index.php\/wp-json\/wp\/v2\/comments?post=5299"}],"wp:featuredmedia":[{"embeddable":true,"href":"https:\/\/connexionart.ma\/index.php\/wp-json\/wp\/v2\/media\/5300"}],"wp:attachment":[{"href":"https:\/\/connexionart.ma\/index.php\/wp-json\/wp\/v2\/media?parent=5299"}],"wp:term":[{"taxonomy":"pwb-brand","embeddable":true,"href":"https:\/\/connexionart.ma\/index.php\/wp-json\/wp\/v2\/pwb-brand?post=5299"},{"taxonomy":"product_brand","embeddable":true,"href":"https:\/\/connexionart.ma\/index.php\/wp-json\/wp\/v2\/product_brand?post=5299"},{"taxonomy":"product_cat","embeddable":true,"href":"https:\/\/connexionart.ma\/index.php\/wp-json\/wp\/v2\/product_cat?post=5299"},{"taxonomy":"product_tag","embeddable":true,"href":"https:\/\/connexionart.ma\/index.php\/wp-json\/wp\/v2\/product_tag?post=5299"}],"curies":[{"name":"wp","href":"https:\/\/api.w.org\/{rel}","templated":true}]}}